{"id":2,"date":"2022-08-30T12:06:35","date_gmt":"2022-08-30T12:06:35","guid":{"rendered":"http:\/\/localhost\/wp\/wp481\/?page_id=2"},"modified":"2023-08-30T10:43:43","modified_gmt":"2023-08-30T10:43:43","slug":"sample-page","status":"publish","type":"page","link":"https:\/\/www.atletikaslavkov.cz\/index.php\/sample-page\/","title":{"rendered":"Historick\u00e9 rekordy"},"content":{"rendered":"<p><span style=\"font-size: revert; color: initial;\">Tabulka historick\u00fdch rekord\u016f, kter\u00e9 jsou zaznamen\u00e1v\u00e1ny v novodob\u00e9 \u00e9\u0159e fungov\u00e1n\u00ed od roku 2015. Pokud naraz\u00edte na n\u011bjak\u00e9 nesrovnalosti, dejte n\u00e1m pros\u00edm v\u011bd\u011bt. Tabulka je pr\u016fb\u011b\u017en\u011b akutalizov\u00e1na.<\/span><\/p>\n<p><a href=\"https:\/\/docs.google.com\/spreadsheets\/d\/1tC27RZZDrvhbZrZLi1ujhczouBK4ZxTo\/edit#gid=1842864914\">Historick\u00e9 rekordy Atletika Slavkov u Brna z.s.<\/a><\/p>\n","protected":false},"excerpt":{"rendered":"<p>Tabulka historick\u00fdch rekord\u016f, kter\u00e9 jsou zaznamen\u00e1v\u00e1ny v novodob\u00e9 \u00e9\u0159e fungov\u00e1n\u00ed od roku 2015. Pokud naraz\u00edte na n\u011bjak\u00e9 nesrovnalosti, dejte n\u00e1m pros\u00edm v\u011bd\u011bt. Tabulka je pr\u016fb\u011b\u017en\u011b akutalizov\u00e1na. Historick\u00e9 rekordy Atletika Slavkov u Brna z.s.<\/p>\n","protected":false},"author":1,"featured_media":0,"parent":0,"menu_order":0,"comment_status":"closed","ping_status":"open","template":"","meta":{"footnotes":""},"class_list":["post-2","page","type-page","status-publish","hentry"],"_links":{"self":[{"href":"https:\/\/www.atletikaslavkov.cz\/index.php\/wp-json\/wp\/v2\/pages\/2"}],"collection":[{"href":"https:\/\/www.atletikaslavkov.cz\/index.php\/wp-json\/wp\/v2\/pages"}],"about":[{"href":"https:\/\/www.atletikaslavkov.cz\/index.php\/wp-json\/wp\/v2\/types\/page"}],"author":[{"embeddable":true,"href":"https:\/\/www.atletikaslavkov.cz\/index.php\/wp-json\/wp\/v2\/users\/1"}],"replies":[{"embeddable":true,"href":"https:\/\/www.atletikaslavkov.cz\/index.php\/wp-json\/wp\/v2\/comments?post=2"}],"version-history":[{"count":3,"href":"https:\/\/www.atletikaslavkov.cz\/index.php\/wp-json\/wp\/v2\/pages\/2\/revisions"}],"predecessor-version":[{"id":174,"href":"https:\/\/www.atletikaslavkov.cz\/index.php\/wp-json\/wp\/v2\/pages\/2\/revisions\/174"}],"wp:attachment":[{"href":"https:\/\/www.atletikaslavkov.cz\/index.php\/wp-json\/wp\/v2\/media?parent=2"}],"curies":[{"name":"wp","href":"https:\/\/api.w.org\/{rel}","templated":true}]}}