{"id":219,"date":"2023-09-18T08:22:47","date_gmt":"2023-09-18T08:22:47","guid":{"rendered":"https:\/\/www.atletikaslavkov.cz\/?page_id=219"},"modified":"2023-09-18T10:11:57","modified_gmt":"2023-09-18T10:11:57","slug":"prihlasky-a-administrace","status":"publish","type":"page","link":"https:\/\/www.atletikaslavkov.cz\/index.php\/prihlasky-a-administrace\/","title":{"rendered":"P\u0159ihl\u00e1\u0161ky a administrace"},"content":{"rendered":"\n<p><a href=\"https:\/\/atletikaslavkov.iddm.cz\/prihlaseni\">https:\/\/atletikaslavkov.iddm.cz\/prihlaseni<\/a><\/p>\n","protected":false},"excerpt":{"rendered":"<p>https:\/\/atletikaslavkov.iddm.cz\/prihlaseni<\/p>\n","protected":false},"author":1,"featured_media":0,"parent":0,"menu_order":0,"comment_status":"closed","ping_status":"closed","template":"","meta":{"footnotes":""},"class_list":["post-219","page","type-page","status-publish","hentry"],"_links":{"self":[{"href":"https:\/\/www.atletikaslavkov.cz\/index.php\/wp-json\/wp\/v2\/pages\/219"}],"collection":[{"href":"https:\/\/www.atletikaslavkov.cz\/index.php\/wp-json\/wp\/v2\/pages"}],"about":[{"href":"https:\/\/www.atletikaslavkov.cz\/index.php\/wp-json\/wp\/v2\/types\/page"}],"author":[{"embeddable":true,"href":"https:\/\/www.atletikaslavkov.cz\/index.php\/wp-json\/wp\/v2\/users\/1"}],"replies":[{"embeddable":true,"href":"https:\/\/www.atletikaslavkov.cz\/index.php\/wp-json\/wp\/v2\/comments?post=219"}],"version-history":[{"count":5,"href":"https:\/\/www.atletikaslavkov.cz\/index.php\/wp-json\/wp\/v2\/pages\/219\/revisions"}],"predecessor-version":[{"id":227,"href":"https:\/\/www.atletikaslavkov.cz\/index.php\/wp-json\/wp\/v2\/pages\/219\/revisions\/227"}],"wp:attachment":[{"href":"https:\/\/www.atletikaslavkov.cz\/index.php\/wp-json\/wp\/v2\/media?parent=219"}],"curies":[{"name":"wp","href":"https:\/\/api.w.org\/{rel}","templated":true}]}}