{"id":24,"date":"2018-09-18T12:36:36","date_gmt":"2018-09-18T12:36:36","guid":{"rendered":"http:\/\/www.atletikaslavkov.cz\/?page_id=24"},"modified":"2025-09-07T07:22:50","modified_gmt":"2025-09-07T07:22:50","slug":"domu","status":"publish","type":"page","link":"https:\/\/www.atletikaslavkov.cz\/","title":{"rendered":"Aktuality:"},"content":{"rendered":"\n<p>6.9.2025<\/p>\n\n\n\n<p>V\u00fdsledky n\u00e1boru z 4.9. naleznete <a href=\"https:\/\/docs.google.com\/spreadsheets\/d\/1iPRdhKICG4FSgEA4yvSs-6KtHBI56CttOkBEm5IOm7A\/edit?usp=sharing\">pod odkazem n\u00ed\u017ee<\/a>. Jedn\u00e1 se o seznam d\u011bt\u00ed s uveden\u00fdm &#8222;startovn\u00edm&#8220; \u010d\u00edslem n\u00e1boru. Ke ka\u017ed\u00e9mu p\u0159ijat\u00e9mu je uvedena p\u0159\u00edslu\u0161n\u00e1 skupina, do kter\u00e9 bude z\u00e1jemce pat\u0159it. Podrobnosti o jednotliv\u00fdch skupin\u00e1ch naleznete <a href=\"https:\/\/www.atletikaslavkov.cz\/index.php\/otazky-a-odpovedi\/\" data-type=\"page\" data-id=\"56\">zde.<\/a> Z n\u00e1boru jsme se sna\u017eili vybrat maxim\u00e1ln\u00ed po\u010det d\u011bt\u00ed, kter\u00e9 na\u0161e kapacity je\u0161t\u011b umo\u017e\u0148uj\u00ed. D\u011bkujeme v\u0161em za \u00fa\u010dast, \u00fasp\u011b\u0161n\u00fdm p\u0159ejeme spoustu kr\u00e1sn\u00fdch atletick\u00fdch z\u00e1\u017eitk\u016f ve slavkovsk\u00e9 atletice. Ne\u00fasp\u011b\u0161n\u00e9 pros\u00edme vytrvat ve sportu a doporu\u010dujeme zkusit \u0161t\u011bst\u00ed v pr\u016fb\u011bhu roku, p\u0159\u00edpadn\u011b v tom nadch\u00e1zej\u00edc\u00edm!<\/p>\n\n\n\n<p>\u00dasp\u011b\u0161n\u00ed \u00fa\u010dastn\u00edci se ji\u017e mohou p\u0159ihla\u0161ovat do p\u0159\u00edslu\u0161n\u00fdch skupin v sekci <a href=\"https:\/\/atletikaslavkov.iddm.cz\/prihlaseni\">&#8222;P\u0159ihl\u00e1\u0161ky a administrace&#8220;<\/a><\/p>\n\n\n\n<p><a href=\"https:\/\/docs.google.com\/spreadsheets\/d\/1iPRdhKICG4FSgEA4yvSs-6KtHBI56CttOkBEm5IOm7A\/edit?usp=sharing\">https:\/\/docs.google.com\/spreadsheets\/d\/1iPRdhKICG4FSgEA4yvSs-6KtHBI56CttOkBEm5IOm7A\/edit?usp=sharing<\/a><\/p>\n\n\n\n<p><\/p>\n\n\n\n<p>28.8.2025<\/p>\n\n\n\n<p>POZOR!!! ZM\u011aNA TERM\u00cdNU N\u00c1BORU!!!<\/p>\n\n\n\n<p>N\u00e1bor nov\u00fdch \u010dlen\u016f do v\u0161ech skupin prob\u011bhne <strong><span style=\"text-decoration: underline;\">ve \u010dtvrtek 4. z\u00e1\u0159\u00ed<\/span> <\/strong>v 16:30 na slavkovsk\u00e9m stadionu.<\/p>\n\n\n\n<p>Pros\u00edme v\u0161echny z\u00e1jemce\/\u00fa\u010dastn\u00edky n\u00e1boru, aby je\u0161t\u011b p\u0159ed n\u00e1borem vyplnili p\u0159ihla\u0161ovac\u00ed on-line formul\u00e1\u0159 &#8211; pro snaz\u0161\u00ed administrativu a komunikaci:&nbsp;<a href=\"https:\/\/forms.gle\/1zRs4DSGWRN8un8M9?fbclid=IwZXh0bgNhZW0CMTAAAR0Ztn3ypZ392EWo0kHzwOHvgjzmBXYvaS0EnZco0KAR1dTsTiRnFoJ9xfk_aem_hVtof3kd6VfkusjE8b-MDg\" target=\"_blank\" rel=\"noreferrer noopener\">https:\/\/forms.gle\/12RDcB4cra7PRWfv7<\/a><\/p>\n\n\n\n<p>N\u00e1bor prob\u00edh\u00e1 formou talentov\u00fdch zkou\u0161ek v n\u00e1sleduj\u00edc\u00edch discipl\u00edn\u00e1ch:<\/p>\n\n\n\n<ul class=\"wp-block-list\">\n<li>b\u011bh na 50m z polovysok\u00e9ho startu<\/li>\n\n\n\n<li>skok dalek\u00fd (m\u011b\u0159eno z m\u00edsta odrazu, ne z prkna)<\/li>\n\n\n\n<li>hod kriketov\u00fdm m\u00ed\u010dkem<\/li>\n\n\n\n<li>b\u011bh na 300m<\/li>\n<\/ul>\n\n\n\n<p>S sebou: sportovn\u00ed oble\u010den\u00ed, sportovn\u00ed obuv pro b\u011bh na atletick\u00e9 dr\u00e1ze, pit\u00ed.<\/p>\n\n\n\n<p>V p\u0159\u00edpad\u011b velmi nep\u0159\u00edzniv\u00e9ho po\u010das\u00ed prob\u011bhne n\u00e1bor v jin\u00e9m term\u00ednu (bude up\u0159esn\u011bno).<\/p>\n\n\n\n<p>N\u00e1bor je ur\u010den <strong>pouze pro d\u011bti \u0161kolou povinn\u00e9<\/strong>. <span style=\"text-decoration: underline;\">Nen\u00ed ur\u010den pro p\u0159ed\u0161kol\u00e1ky, ani d\u011bti s odkladem.<\/span><\/p>\n\n\n\n<p>N\u00e1bor je ur\u010den\u00fd pro ro\u010dn\u00edky 2019 a star\u0161\u00ed.<\/p>\n\n\n\n<p><\/p>\n\n\n\n<p>17.9.2023<\/p>\n\n\n\n<p>Fin\u00e1ln\u00ed rozd\u011blen\u00ed skupin 1, 2 a 3 po st\u0159ede\u010dn\u00edm n\u00e1boru naleznete zde:<\/p>\n\n\n\n<figure class=\"wp-block-image size-large is-resized\"><img loading=\"lazy\" decoding=\"async\" width=\"941\" height=\"1024\" src=\"https:\/\/www.atletikaslavkov.cz\/wp-content\/uploads\/2023\/09\/Presuny-mezi-skupinami_page-0001-5-941x1024.jpg\" alt=\"\" class=\"wp-image-215\" style=\"width:620px;height:675px\" srcset=\"https:\/\/www.atletikaslavkov.cz\/wp-content\/uploads\/2023\/09\/Presuny-mezi-skupinami_page-0001-5-941x1024.jpg 941w, https:\/\/www.atletikaslavkov.cz\/wp-content\/uploads\/2023\/09\/Presuny-mezi-skupinami_page-0001-5-276x300.jpg 276w, https:\/\/www.atletikaslavkov.cz\/wp-content\/uploads\/2023\/09\/Presuny-mezi-skupinami_page-0001-5-768x836.jpg 768w, https:\/\/www.atletikaslavkov.cz\/wp-content\/uploads\/2023\/09\/Presuny-mezi-skupinami_page-0001-5-1411x1536.jpg 1411w, https:\/\/www.atletikaslavkov.cz\/wp-content\/uploads\/2023\/09\/Presuny-mezi-skupinami_page-0001-5.jpg 1814w\" sizes=\"(max-width: 941px) 100vw, 941px\" \/><\/figure>\n\n\n\n<p>Tr\u00e9ninkov\u00e9 skupiny 4 a 5 z\u016fst\u00e1vaj\u00ed bez v\u00fdznamn\u00fdch zm\u011bn.<\/p>\n\n\n\n<p><strong>Rozd\u011blen\u00ed tr\u00e9ninkov\u00fdch skupin pro rok 2023\/2024<\/strong><\/p>\n\n\n\n<p class=\"has-small-font-size\"><strong>Skupina 1. (2017-2016)<\/strong> minip\u0159\u00edpravka &#8230; st\u0159eda 15:00 &#8211; 16:30 (tren\u00e9\u0159i: Josef K\u0159\u00ed\u017eka, Petra Vy\u0161ehradsk\u00e1), m\u011bstsk\u00fd stadion, hala IS\u0160 Slavkov u Brna<\/p>\n\n\n\n<p class=\"has-small-font-size\"><strong>Skupina 2. (2016-2014)<\/strong> mlad\u0161\u00ed p\u0159\u00edpravka &#8230; st\u0159eda 15:00 &#8211; 16:30, p\u00e1tek 15:00 &#8211; 16:30 (tren\u00e9rky: Petra Jan\u00edkov\u00e1, Monika Odehnalov\u00e1, Michaela Filipov\u00e1), m\u011bstsk\u00fd stadion, hala IS\u0160 Slavkov u Brna<\/p>\n\n\n\n<p class=\"has-small-font-size\"><strong>Skupina 3. (2014-2012)<\/strong> star\u0161\u00ed p\u0159\u00edpravka &#8230; pond\u011bl\u00ed, \u010dtvrtek 15:00-16:30 (tren\u00e9\u0159i: tren\u00e9r Jakub Navr\u00e1til, Sarah Vinklerov\u00e1, Jitka Krej\u010d\u00ed\u0159ov\u00e1), m\u011bstsk\u00fd stadion, hala IS\u0160 Slavkov u Brna)<\/p>\n\n\n\n<p class=\"has-small-font-size\"><strong>Skupina 4. (2012-2010)<\/strong> mlad\u0161\u00ed \u017eactvo &#8230; pond\u011bl\u00ed, \u010dtvrtek 16:30-18:00 (tren\u00e9\u0159i: Jan Holoch, Veronika Minksov\u00e1, Kate\u0159ina Rotroeklov\u00e1), m\u011bstsk\u00fd stadion, hala IS\u0160 Slavkov u Brna<\/p>\n\n\n\n<p class=\"has-small-font-size\"><strong>Skupina 5. (2009 a star\u0161\u00ed)<\/strong> \u017eactvo, dorost, junio\u0159i &#8230; pond\u011bl\u00ed, st\u0159eda, p\u00e1tek 17:00-19:00 (tren\u00e9\u0159i: Ond\u0159ej Fiala, Marta Fialov\u00e1, Josef K\u0159\u00ed\u017eka), m\u011bstsk\u00fd stadion, hala IS\u0160 Slavkov u Brna, hala Z\u0160 Komensk\u00e9ho<\/p>\n\n\n\n<p>Tr\u00e9ninky v zimn\u00edm obdob\u00ed budou je\u0161t\u011b up\u0159esn\u011bny p\u0159ed p\u0159esuny do t\u011blocvi\u010den od 1.11. 2023. Zah\u00e1jen\u00ed tr\u00e9nink\u016f nov\u00fdch skupin prob\u011bhne dle nov\u00e9ho rozd\u011blen\u00ed od pond\u011bl\u00ed 18.9.2023<\/p>\n\n\n\n<p><\/p>\n\n\n\n<p><strong>Informace o n\u00e1boru 2023\/2024:<\/strong><\/p>\n\n\n\n<p>N\u00e1bor nov\u00fdch \u010dlen\u016f se uskute\u010dn\u00ed ve st\u0159edu 13. z\u00e1\u0159\u00ed v 16:30 na m\u011bstsk\u00e9m stadionu ve Slavkov\u011b u Brna. Z\u00fa\u010dastnit se mohou d\u011bti \u0161kolou povinn\u00e9. P\u0159ed\u0161kol\u00e1k\u016fm, ani d\u011btem s odkladem, krou\u017eek nen\u00ed ur\u010den.<\/p>\n\n\n\n<p>N\u00e1bor nov\u00fdch \u010dlen\u016f prob\u011bhne formou talentov\u00fdch zkou\u0161ek v n\u00e1sleduj\u00edc\u00edch discipl\u00edn\u00e1ch: b\u011bh na 50m, b\u011bh na 300m, hod kriketov\u00fdm m\u00ed\u010dkem, skok dalek\u00fd.<\/p>\n\n\n\n<p>S sebou je nutn\u00e9 m\u00edt sportovn\u00ed oble\u010den\u00ed a sportovn\u00ed obuv.<\/p>\n\n\n\n<p><\/p>\n\n\n\n<p><\/p>\n\n\n\n<p class=\"has-medium-font-size\"><strong>Velk\u00e1 cena m\u011bsta Slavkov u Brna se bl\u00ed\u017e\u00ed!<\/strong><\/p>\n\n\n\n<p>P\u0159ihla\u0161ov\u00e1n\u00ed a propozice na str\u00e1nk\u00e1ch <a href=\"https:\/\/online.atletika.cz\/kalendar\/kalendar\/2023-06-29\" target=\"_blank\" rel=\"noreferrer noopener\">www.atletika.cz<\/a><\/p>\n\n\n\n<figure class=\"wp-block-image size-large\"><img loading=\"lazy\" decoding=\"async\" width=\"724\" height=\"1024\" src=\"https:\/\/www.atletikaslavkov.cz\/wp-content\/uploads\/2023\/05\/Velka-cena-mesta-Slavkov-u-Brna-page-001-724x1024.jpg\" alt=\"\" class=\"wp-image-164\" srcset=\"https:\/\/www.atletikaslavkov.cz\/wp-content\/uploads\/2023\/05\/Velka-cena-mesta-Slavkov-u-Brna-page-001-724x1024.jpg 724w, https:\/\/www.atletikaslavkov.cz\/wp-content\/uploads\/2023\/05\/Velka-cena-mesta-Slavkov-u-Brna-page-001-212x300.jpg 212w, https:\/\/www.atletikaslavkov.cz\/wp-content\/uploads\/2023\/05\/Velka-cena-mesta-Slavkov-u-Brna-page-001-768x1086.jpg 768w, https:\/\/www.atletikaslavkov.cz\/wp-content\/uploads\/2023\/05\/Velka-cena-mesta-Slavkov-u-Brna-page-001-1086x1536.jpg 1086w, https:\/\/www.atletikaslavkov.cz\/wp-content\/uploads\/2023\/05\/Velka-cena-mesta-Slavkov-u-Brna-page-001-1448x2048.jpg 1448w, https:\/\/www.atletikaslavkov.cz\/wp-content\/uploads\/2023\/05\/Velka-cena-mesta-Slavkov-u-Brna-page-001-scaled.jpg 1811w\" sizes=\"(max-width: 724px) 100vw, 724px\" \/><\/figure>\n\n\n\n<p><strong>Rozd\u011blen\u00ed tr\u00e9ninkov\u00fdch skupin pro rok 2022\/2023<\/strong><\/p>\n\n\n\n<p class=\"has-small-font-size\"><strong>Skupina 1. (2016-2015)<\/strong> &#8230; st\u0159eda 15:00 &#8211; 16:00 (hlavn\u00ed tren\u00e9r Jitka Krej\u010d\u00ed\u0159ov\u00e1), stadion Z\u0160 Tyr\u0161ova, T\u011blocvi\u010dna Z\u0160 Tyr\u0161ova<\/p>\n\n\n\n<p class=\"has-small-font-size\"><strong>Skupina 2. (2015-2014)<\/strong> &#8230; st\u0159eda 15:00 &#8211; 16:30 (hlavn\u00ed tren\u00e9r Petra Vy\u0161ehradsk\u00e1), m\u011bstsk\u00fd stadion, hala IS\u0160 Slavkov u Brna<\/p>\n\n\n\n<p class=\"has-small-font-size\"><strong>Skupina 3. (2013-2012)<\/strong> &#8230; pond\u011bl\u00ed, \u010dtvrtek 15:00-16:30 (hlavn\u00ed tren\u00e9r Jakub Navr\u00e1til), m\u011bstsk\u00fd stadion, hala IS\u0160 Slavkov u Brna)<\/p>\n\n\n\n<p class=\"has-small-font-size\"><strong>Skupina 4. (2011-2010)<\/strong> &#8230; pond\u011bl\u00ed, \u010dtvrtek 16:30-18:00 (hlavn\u00ed tren\u00e9r Jan Holoch), m\u011bstsk\u00fd stadion, hala IS\u0160 Slavkov u Brna<\/p>\n\n\n\n<p class=\"has-small-font-size\"><strong>Skupina 5. (2009 a star\u0161\u00ed)<\/strong> &#8230; pond\u011bl\u00ed, st\u0159eda, p\u00e1tek 16:30-18:00 (hlavn\u00ed tren\u00e9r Josef K\u0159\u00ed\u017eka), m\u011bstsk\u00fd stadion, hala IS\u0160 Slavkov u Brna, hala Z\u0160 Komensk\u00e9ho<\/p>\n\n\n\n<p><\/p>\n\n\n\n<p><strong>N\u00e1bor pro rok 2022\/2023<\/strong><\/p>\n\n\n\n<p>V\u00fdsledky n\u00e1boru do nov\u011b otv\u00edran\u00e9 skupiny \/ dopln\u011bn\u00ed st\u00e1vaj\u00edc\u00edch skupin za\u0161leme na vy\u017e\u00e1d\u00e1n\u00ed rodi\u010d\u016fm. V\u0161echny d\u011bti se opravdu sna\u017eily a zaslou\u017eily by si mo\u017enost atletice se v\u011bnovat. Bohu\u017eel tr\u00e9ninkov\u00e9 skupiny jsou ji\u017e na hranici sv\u00fdch kapacit. Nezoufejte, tr\u00e9nujte, a zkuste \u0161t\u011bst\u00ed v p\u0159\u00ed\u0161t\u00edm roce!<\/p>\n\n\n\n<p>\u010c\u00edslo p\u0159\u00edslu\u0161n\u00e9 skupiny pou\u017eij\u00ed nov\u011b p\u0159ijat\u00ed pro registraci na webov\u00fdch str\u00e1nk\u00e1ch <a rel=\"noreferrer noopener\" href=\"https:\/\/www.ddmslavkov.cz\/krouzky\" data-type=\"URL\" data-id=\"https:\/\/www.ddmslavkov.cz\/krouzky\" target=\"_blank\">DDM Slavkov u Brna<\/a>. <\/p>\n\n\n\n<p><img decoding=\"async\" class=\"wp-image-149\" style=\"width: NaNpx;\" src=\"http:\/\/www.atletikaslavkov.cz\/wp-content\/uploads\/2022\/09\/Nabor-2022-23-vysledky-roztridene-komplet-final.pdf\" alt=\"\"><\/p>\n\n\n\n<p><\/p>\n\n\n\n<p><strong>Rozd\u011blen\u00ed tr\u00e9ninkov\u00fdch skupin 2022\/2023:<\/strong><\/p>\n\n\n\n<figure class=\"wp-block-image size-full\"><img loading=\"lazy\" decoding=\"async\" width=\"767\" height=\"835\" src=\"https:\/\/www.atletikaslavkov.cz\/wp-content\/uploads\/2022\/08\/treninky-2022-23-final.jpg\" alt=\"\" class=\"wp-image-139\" srcset=\"https:\/\/www.atletikaslavkov.cz\/wp-content\/uploads\/2022\/08\/treninky-2022-23-final.jpg 767w, https:\/\/www.atletikaslavkov.cz\/wp-content\/uploads\/2022\/08\/treninky-2022-23-final-276x300.jpg 276w\" sizes=\"(max-width: 767px) 100vw, 767px\" \/><\/figure>\n\n\n\n<p><strong>Informace o n\u00e1boru 2022\/2023:<\/strong><\/p>\n\n\n\n<p>N\u00e1bor nov\u00fdch \u010dlen\u016f se uskute\u010dn\u00ed ve st\u0159edu 7. z\u00e1\u0159\u00ed v 16:30 na m\u011bstsk\u00e9m stadionu ve Slavkov\u011b u Brna. Z\u00fa\u010dastnit se mohou d\u011bti \u0161kolou povinn\u00e9. P\u0159ed\u0161kol\u00e1k\u016fm, ani d\u011btem s odkladem, krou\u017eek nen\u00ed ur\u010den.<\/p>\n\n\n\n<p>N\u00e1bor nov\u00fdch \u010dlen\u016f prob\u011bhne formou talentov\u00fdch zkou\u0161ek v n\u00e1sleduj\u00edc\u00edch discipl\u00edn\u00e1ch: b\u011bh na 50m, b\u011bh na 300m, hod kriketov\u00fdm m\u00ed\u010dkem, skok dalek\u00fd.<\/p>\n\n\n\n<p>S sebou je nutn\u00e9 m\u00edt sportovn\u00ed oble\u010den\u00ed a sportovn\u00ed obuv.<\/p>\n\n\n\n<p><\/p>\n\n\n\n<p><strong>Mistrovstv\u00ed \u010cesk\u00e9 republiky v p\u0159espoln\u00edm b\u011bhu dorostu a \u017eactva 26.3.2022 Slavkov u Brna<\/strong><\/p>\n\n\n\n<p> N\u00ed\u017ee je odkaz na ofici\u00e1ln\u00ed propozice se v\u0161emi podstatn\u00fdmi informacemi. Bli\u017e\u0161\u00ed info poskytneme na mailu treneri.atletika@seznam.cz.<\/p>\n\n\n<p><a href=\"https:\/\/online.atletika.cz\/Propozice\/propozice\/48363\">Propozice pro z\u00e1vodn\u00edky<\/a><\/p>\n<\/p>","protected":false},"excerpt":{"rendered":"<p>6.9.2025 V\u00fdsledky n\u00e1boru z 4.9. naleznete pod odkazem n\u00ed\u017ee. Jedn\u00e1 se o seznam d\u011bt\u00ed s uveden\u00fdm &#8222;startovn\u00edm&#8220; \u010d\u00edslem n\u00e1boru. Ke ka\u017ed\u00e9mu p\u0159ijat\u00e9mu je uvedena p\u0159\u00edslu\u0161n\u00e1 skupina, do kter\u00e9 bude z\u00e1jemce pat\u0159it. Podrobnosti o jednotliv\u00fdch skupin\u00e1ch naleznete zde. Z n\u00e1boru jsme se sna\u017eili vybrat maxim\u00e1ln\u00ed po\u010det d\u011bt\u00ed, kter\u00e9 na\u0161e kapacity je\u0161t\u011b umo\u017e\u0148uj\u00ed. D\u011bkujeme v\u0161em za \u00fa\u010dast, &hellip; <a href=\"https:\/\/www.atletikaslavkov.cz\/\" class=\"more-link\">Pokra\u010dov\u00e1n\u00ed textu <span class=\"screen-reader-text\">Aktuality:<\/span><\/a><\/p>\n","protected":false},"author":1,"featured_media":0,"parent":0,"menu_order":0,"comment_status":"closed","ping_status":"closed","template":"","meta":{"footnotes":""},"class_list":["post-24","page","type-page","status-publish","hentry"],"_links":{"self":[{"href":"https:\/\/www.atletikaslavkov.cz\/index.php\/wp-json\/wp\/v2\/pages\/24"}],"collection":[{"href":"https:\/\/www.atletikaslavkov.cz\/index.php\/wp-json\/wp\/v2\/pages"}],"about":[{"href":"https:\/\/www.atletikaslavkov.cz\/index.php\/wp-json\/wp\/v2\/types\/page"}],"author":[{"embeddable":true,"href":"https:\/\/www.atletikaslavkov.cz\/index.php\/wp-json\/wp\/v2\/users\/1"}],"replies":[{"embeddable":true,"href":"https:\/\/www.atletikaslavkov.cz\/index.php\/wp-json\/wp\/v2\/comments?post=24"}],"version-history":[{"count":49,"href":"https:\/\/www.atletikaslavkov.cz\/index.php\/wp-json\/wp\/v2\/pages\/24\/revisions"}],"predecessor-version":[{"id":275,"href":"https:\/\/www.atletikaslavkov.cz\/index.php\/wp-json\/wp\/v2\/pages\/24\/revisions\/275"}],"wp:attachment":[{"href":"https:\/\/www.atletikaslavkov.cz\/index.php\/wp-json\/wp\/v2\/media?parent=24"}],"curies":[{"name":"wp","href":"https:\/\/api.w.org\/{rel}","templated":true}]}}