{"id":56,"date":"2018-09-19T05:00:57","date_gmt":"2018-09-19T05:00:57","guid":{"rendered":"http:\/\/www.atletikaslavkov.cz\/?page_id=56"},"modified":"2025-09-05T09:04:25","modified_gmt":"2025-09-05T09:04:25","slug":"otazky-a-odpovedi","status":"publish","type":"page","link":"https:\/\/www.atletikaslavkov.cz\/index.php\/otazky-a-odpovedi\/","title":{"rendered":"OT\u00c1ZKY A ODPOV\u011aDI"},"content":{"rendered":"<p>\n\n\n<\/p>\n<p><strong>Kdy a kde se tr\u00e9nuje?<\/strong><\/p>\n<p>\n\n\n<\/p>\n<p>\n\n\n<p>Tr\u00e9ninkov\u00e9 skupiny a jejich tr\u00e9ninky v roce 2025\/2026<\/p>\n\n\n\n<p><strong>Skupina 0. (2018-2019)<\/strong>&nbsp;minip\u0159\u00edpravka \u2026 \u00fater\u00fd 15:30 \u2013 17:00; tren\u00e9rky: Aneta Kr\u010dm\u00e1\u0159ov\u00e1, Denisa Kr\u010dm\u00e1\u0159ov\u00e1<\/p>\n\n\n<\/p>\n<p>\n\n\n<p><strong>Skupina 1. (2017-2018)<\/strong>&nbsp;p\u0159\u00edpravka \u2026 pond\u011bl\u00ed 15:30 \u2013 17:00; tren\u00e9\u0159i: Veronika Ber\u00e1nkov\u00e1, Eli\u0161ka Hub\u00edkov\u00e1, Dan Havrda<\/p>\n\n\n\n<p><strong>Skupina 2. (2016-2017)<\/strong> mlad\u0161\u00ed p\u0159\u00edpravka \u2026 \u00fater\u00fd, p\u00e1tek 15:30 \u2013 17:00; tren\u00e9\u0159i: Josef K\u0159\u00ed\u017eka, Ond\u0159ej Stolar<\/p>\n\n\n\n<p><strong>Skupina 3. (2014-2016)<\/strong> mlad\u0161\u00ed p\u0159\u00edpravka, star\u0161\u00ed p\u0159\u00edpravka \u2026 pond\u011bl\u00ed, st\u0159eda 15:30 \u2013 17:00; tren\u00e9\u0159i: Petra Jan\u00edkov\u00e1, Zina Jan\u00edkov\u00e1, Ond\u0159ej Fiala, Eli\u0161ka Hub\u00edkov\u00e1<\/p>\n\n\n\n<p><strong>Skupina 4. (2012-2014)<\/strong>&nbsp;\u017eactvo \u2026 pond\u011bl\u00ed, st\u0159eda, p\u00e1tek 15:30-17:30; tren\u00e9\u0159i: Jakub Navr\u00e1til, Petr Flanderka<\/p>\n\n\n\n<p><strong>Skupina 5. (2010-2012)<\/strong> star\u0161\u00ed \u017eactvo, dorost \u2026 pond\u011bl\u00ed, st\u0159eda, \u010dtvrtek 16:00-18:00; tren\u00e9\u0159i: Jan Holoch, Veronika Minksov\u00e1, Kate\u0159ina \u010caml\u00edkov\u00e1<\/p>\n\n\n\n<p><strong>Skupina 6. (2010 a star\u0161\u00ed)<\/strong> dorost, juniorstvo, dosp\u011bl\u00ed \u2026 pond\u011bl\u00ed, st\u0159eda, p\u00e1tek 17:00-19:00; tren\u00e9\u0159i: Ond\u0159ej Fiala, Marta Fialov\u00e1<\/p>\n\n\n\n<p>V\u0161echny tr\u00e9ninky prob\u00edhaj\u00ed na m\u011bstsk\u00e9m stadionu ve Slavkov\u011b. V zimn\u00edm obdob\u00ed se tr\u00e9nuje zpravidla ve sportovn\u00ed hale St\u0159edn\u00ed \u0161koly Slavkov &#8211; Austerlitz.<\/p>\n\n\n\n<\/p>\n<p>(<em>pozn. jedn\u00e1 se o VENKOVN\u00cd tr\u00e9ninky, \u010dasy a m\u00edsta tr\u00e9nink\u016f v t\u011blocvi\u010dn\u00e1ch budou up\u0159esn\u011bny na tr\u00e9ninc\u00edch<\/em>)<\/p>\n<p>\n\n\n<\/p>\n<p>\n\n\n<\/p>\n<p>\n\n\n<\/p>\n<p>\n\n\n<\/p>\n<p><strong>Co je nutn\u00e9 m\u00edt na tr\u00e9ninky?<\/strong><\/p>\n<p>\n\n\n<\/p>\n<p>\n\n\n<\/p>\n<p>V letn\u00edm obdob\u00ed vhodnou sportovn\u00ed obuv &#8211; b\u011b\u017eeck\u00e9 boty; kra\u0165asy, tri\u010dko, t\u00edlko,&#8230;<\/p>\n<p>\n\n\n<\/p>\n<p>\n\n\n<\/p>\n<p>L\u00e1hev s vodou. Slazen\u00e9 limon\u00e1dy ne.<\/p>\n<p>\n\n\n<\/p>\n<p>\n\n\n<\/p>\n<p>V p\u0159\u00edpad\u011b chladn\u011bj\u0161\u00edho po\u010das\u00ed p\u0159i venkovn\u00edm tr\u00e9ninku dlouh\u00e9 sportovn\u00ed kalhoty (elas\u0165\u00e1ky) a sportovn\u00ed mikinu.<\/p>\n<p>\n\n\n<\/p>\n<p>\n\n\n<\/p>\n<p>Pro tr\u00e9ninky v t\u011blocvi\u010dn\u00e1ch je bezpodm\u00edne\u010dn\u011b nutn\u00e1 obuv s nezna\u010d\u00edc\u00ed podr\u00e1\u017ekou!<\/p>\n<p>\n\n\n<\/p>\n<p>\n\n\n<\/p>\n<p>Star\u0161\u00ed d\u011bti u\u017e mohou m\u00edt vlastn\u00ed tretry. S v\u00fdb\u011brem a n\u00e1kupem r\u00e1di porad\u00edme.<\/p>\n<p>\n\n\n<\/p>\n\n\n<p><strong>Jak prob\u00edh\u00e1 p\u0159ihla\u0161ov\u00e1n\u00ed a platba?<\/strong><\/p>\n\n\n\n<p>P\u0159ihla\u0161ov\u00e1n\u00ed prob\u00edh\u00e1 prost\u0159ednictv\u00edm syst\u00e9mu iddm, odkaz naleznete v sekci &#8222;p\u0159ihl\u00e1\u0161ky a administrace&#8220;. Vzhledem k enormn\u00edmu z\u00e1jmu o \u010dlenstv\u00ed a omezen\u00e9 kapacit\u011b jednotliv\u00fdch tr\u00e9ninkov\u00fdch skupin, mus\u00edme p\u0159ij\u00edmat nov\u00e9 z\u00e1jemce formou n\u00e1boru. N\u00e1bor prob\u00edh\u00e1 ka\u017ed\u00fd rok za\u010d\u00e1tkem z\u00e1\u0159\u00ed. V\u00fdjime\u010dn\u011b se lze b\u011bhem roku domluvit individu\u00e1ln\u011b. <\/p>\n","protected":false},"excerpt":{"rendered":"<p>Kdy a kde se tr\u00e9nuje? Tr\u00e9ninkov\u00e9 skupiny a jejich tr\u00e9ninky v roce 2025\/2026 Skupina 0. (2018-2019)&nbsp;minip\u0159\u00edpravka \u2026 \u00fater\u00fd 15:30 \u2013 17:00; tren\u00e9rky: Aneta Kr\u010dm\u00e1\u0159ov\u00e1, Denisa Kr\u010dm\u00e1\u0159ov\u00e1 Skupina 1. (2017-2018)&nbsp;p\u0159\u00edpravka \u2026 pond\u011bl\u00ed 15:30 \u2013 17:00; tren\u00e9\u0159i: Veronika Ber\u00e1nkov\u00e1, Eli\u0161ka Hub\u00edkov\u00e1, Dan Havrda Skupina 2. (2016-2017) mlad\u0161\u00ed p\u0159\u00edpravka \u2026 \u00fater\u00fd, p\u00e1tek 15:30 \u2013 17:00; tren\u00e9\u0159i: Josef K\u0159\u00ed\u017eka, &hellip; <a href=\"https:\/\/www.atletikaslavkov.cz\/index.php\/otazky-a-odpovedi\/\" class=\"more-link\">Pokra\u010dov\u00e1n\u00ed textu <span class=\"screen-reader-text\">OT\u00c1ZKY A ODPOV\u011aDI<\/span><\/a><\/p>\n","protected":false},"author":1,"featured_media":0,"parent":0,"menu_order":0,"comment_status":"closed","ping_status":"closed","template":"","meta":{"footnotes":""},"class_list":["post-56","page","type-page","status-publish","hentry"],"_links":{"self":[{"href":"https:\/\/www.atletikaslavkov.cz\/index.php\/wp-json\/wp\/v2\/pages\/56"}],"collection":[{"href":"https:\/\/www.atletikaslavkov.cz\/index.php\/wp-json\/wp\/v2\/pages"}],"about":[{"href":"https:\/\/www.atletikaslavkov.cz\/index.php\/wp-json\/wp\/v2\/types\/page"}],"author":[{"embeddable":true,"href":"https:\/\/www.atletikaslavkov.cz\/index.php\/wp-json\/wp\/v2\/users\/1"}],"replies":[{"embeddable":true,"href":"https:\/\/www.atletikaslavkov.cz\/index.php\/wp-json\/wp\/v2\/comments?post=56"}],"version-history":[{"count":24,"href":"https:\/\/www.atletikaslavkov.cz\/index.php\/wp-json\/wp\/v2\/pages\/56\/revisions"}],"predecessor-version":[{"id":270,"href":"https:\/\/www.atletikaslavkov.cz\/index.php\/wp-json\/wp\/v2\/pages\/56\/revisions\/270"}],"wp:attachment":[{"href":"https:\/\/www.atletikaslavkov.cz\/index.php\/wp-json\/wp\/v2\/media?parent=56"}],"curies":[{"name":"wp","href":"https:\/\/api.w.org\/{rel}","templated":true}]}}